{"id":1179,"date":"2021-11-03T16:14:06","date_gmt":"2021-11-03T16:14:06","guid":{"rendered":"https:\/\/www.ncsbrand.hu\/?post_type=product&#038;p=1179"},"modified":"2022-11-22T13:40:02","modified_gmt":"2022-11-22T13:40:02","slug":"novemberi-ncs-amazon-orajegy","status":"publish","type":"product","link":"https:\/\/www.ncsbrand.hu\/index.php\/product\/novemberi-ncs-amazon-orajegy\/","title":{"rendered":"Novemberi NCS AMAZON \u00d3rajegy (11.24)"},"content":{"rendered":"","protected":false},"excerpt":{"rendered":"<p>Ennek az \u00f3rajegynek a megv\u00e1s\u00e1rl\u00e1s\u00e1val r\u00e9szt vehetsz az NCS AMAZON novemberi alkalmai k\u00f6z\u00fcl valamelyiken.<br \/>\nHelysz\u00edn: 1139 Budapest, Rozsnyay utca 4.\u00a0 &#8211; Angyalf\u00f6ldi Sportk\u00f6zpont (als\u00f3 szint)<br \/>\nId\u0151pontok Novemberben:<br \/>\nNovember 3. 19:00-21:00<br \/>\nNovember 8. 19:00-21:00<br \/>\nNovember 10. 19:00-21:00<br \/>\nNovember 15. 19:00-21:00<br \/>\nNovember 17. 19:00-21:00<br \/>\nNovember 22. 19:00-21:00<br \/>\nNovember 24. 19:00-21:00<br \/>\nNovember 29. 19:00-21:00<\/p>\n","protected":false},"featured_media":1615,"comment_status":"open","ping_status":"closed","template":"","meta":[],"_links":{"self":[{"href":"https:\/\/www.ncsbrand.hu\/index.php\/wp-json\/wp\/v2\/product\/1179"}],"collection":[{"href":"https:\/\/www.ncsbrand.hu\/index.php\/wp-json\/wp\/v2\/product"}],"about":[{"href":"https:\/\/www.ncsbrand.hu\/index.php\/wp-json\/wp\/v2\/types\/product"}],"replies":[{"embeddable":true,"href":"https:\/\/www.ncsbrand.hu\/index.php\/wp-json\/wp\/v2\/comments?post=1179"}],"wp:featuredmedia":[{"embeddable":true,"href":"https:\/\/www.ncsbrand.hu\/index.php\/wp-json\/wp\/v2\/media\/1615"}],"wp:attachment":[{"href":"https:\/\/www.ncsbrand.hu\/index.php\/wp-json\/wp\/v2\/media?parent=1179"}],"curies":[{"name":"wp","href":"https:\/\/api.w.org\/{rel}","templated":true}]}}