{"id":275,"date":"2020-12-13T19:19:15","date_gmt":"2020-12-13T19:19:15","guid":{"rendered":"https:\/\/www.ncsbrand.hu\/?post_type=product&#038;p=275"},"modified":"2024-11-19T04:27:30","modified_gmt":"2024-11-19T04:27:30","slug":"8-hetes-csomag","status":"publish","type":"product","link":"https:\/\/www.ncsbrand.hu\/index.php\/product\/8-hetes-csomag\/","title":{"rendered":"8 Hetes csomag"},"content":{"rendered":"","protected":false},"excerpt":{"rendered":"<ul>\n<li>1db 45 perces konzult\u00e1ci\u00f3 (szem\u00e9lyesen vagy Skype\/Viberen)<br \/>\n+ 1db online konzult\u00e1ci\u00f3<br \/>\n&#8211; T\u00e1pl\u00e1lkoz\u00e1si napl\u00f3 ki\u00e9rt\u00e9kel\u00e9se<br \/>\n&#8211; Szem\u00e9lyre szabott \u00e9trend receptekkel<br \/>\n&#8211; Vitamin \u00e9s \u00e9trendkieg\u00e9sz\u00edt\u0151 aj\u00e1nl\u00e1s<br \/>\n&#8211; Folyamatos kapcsolattart\u00e1s 8 h\u00e9ten \u00e1t!<\/li>\n<\/ul>\n","protected":false},"featured_media":408,"comment_status":"open","ping_status":"closed","template":"","meta":[],"_links":{"self":[{"href":"https:\/\/www.ncsbrand.hu\/index.php\/wp-json\/wp\/v2\/product\/275"}],"collection":[{"href":"https:\/\/www.ncsbrand.hu\/index.php\/wp-json\/wp\/v2\/product"}],"about":[{"href":"https:\/\/www.ncsbrand.hu\/index.php\/wp-json\/wp\/v2\/types\/product"}],"replies":[{"embeddable":true,"href":"https:\/\/www.ncsbrand.hu\/index.php\/wp-json\/wp\/v2\/comments?post=275"}],"wp:featuredmedia":[{"embeddable":true,"href":"https:\/\/www.ncsbrand.hu\/index.php\/wp-json\/wp\/v2\/media\/408"}],"wp:attachment":[{"href":"https:\/\/www.ncsbrand.hu\/index.php\/wp-json\/wp\/v2\/media?parent=275"}],"curies":[{"name":"wp","href":"https:\/\/api.w.org\/{rel}","templated":true}]}}