{"id":290,"date":"2020-12-13T19:32:14","date_gmt":"2020-12-13T19:32:14","guid":{"rendered":"https:\/\/www.ncsbrand.hu\/?post_type=product&#038;p=290"},"modified":"2021-10-06T01:57:57","modified_gmt":"2021-10-06T01:57:57","slug":"8-hetes-extra-vagyok-csomag","status":"publish","type":"product","link":"https:\/\/www.ncsbrand.hu\/index.php\/product\/8-hetes-extra-vagyok-csomag\/","title":{"rendered":"8 Hetes &#8220;Extra vagyok&#8221; csomag"},"content":{"rendered":"","protected":false},"excerpt":{"rendered":"<p>Inzulinrezisztenseknek, PCOS-el k\u00fczd\u0151knek, Pajzsmirigy alul vagy t\u00falm\u0171k\u00f6d\u00e9ssel bajl\u00f3d\u00f3knak.<\/p>\n<ul>\n<li>1db 45 perces konzult\u00e1ci\u00f3 (szem\u00e9lyesen vagy Skype\/Viberen)<br \/>\n+ 1db online konzult\u00e1ci\u00f3<br \/>\n&#8211; T\u00e1pl\u00e1lkoz\u00e1si napl\u00f3 ki\u00e9rt\u00e9kel\u00e9se<br \/>\n&#8211; Szem\u00e9lyre szabott \u00e9trend receptekkel<br \/>\n&#8211; Vitamin \u00e9s \u00e9trendkieg\u00e9sz\u00edt\u0151 aj\u00e1nl\u00e1s<br \/>\n&#8211; Folyamatos kapcsolattart\u00e1s 8 h\u00e9ten \u00e1t!<\/li>\n<\/ul>\n","protected":false},"featured_media":408,"comment_status":"open","ping_status":"closed","template":"","meta":[],"_links":{"self":[{"href":"https:\/\/www.ncsbrand.hu\/index.php\/wp-json\/wp\/v2\/product\/290"}],"collection":[{"href":"https:\/\/www.ncsbrand.hu\/index.php\/wp-json\/wp\/v2\/product"}],"about":[{"href":"https:\/\/www.ncsbrand.hu\/index.php\/wp-json\/wp\/v2\/types\/product"}],"replies":[{"embeddable":true,"href":"https:\/\/www.ncsbrand.hu\/index.php\/wp-json\/wp\/v2\/comments?post=290"}],"wp:featuredmedia":[{"embeddable":true,"href":"https:\/\/www.ncsbrand.hu\/index.php\/wp-json\/wp\/v2\/media\/408"}],"wp:attachment":[{"href":"https:\/\/www.ncsbrand.hu\/index.php\/wp-json\/wp\/v2\/media?parent=290"}],"curies":[{"name":"wp","href":"https:\/\/api.w.org\/{rel}","templated":true}]}}