{"id":54,"date":"2020-09-24T17:43:36","date_gmt":"2020-09-24T17:43:36","guid":{"rendered":"https:\/\/www.ncsbrand.hu\/?post_type=product&#038;p=54"},"modified":"2026-02-04T01:07:10","modified_gmt":"2026-02-04T01:07:10","slug":"4-hetes-csomag","status":"publish","type":"product","link":"https:\/\/www.ncsbrand.hu\/index.php\/product\/4-hetes-csomag\/","title":{"rendered":"4 Hetes csomag"},"content":{"rendered":"<p>4 Hetes csomag<br \/>\n1db 45 perces konzult\u00e1ci\u00f3 (szem\u00e9lyesen vagy Skype\/Viberen)<br \/>\nT\u00e1pl\u00e1lkoz\u00e1si napl\u00f3 ki\u00e9rt\u00e9kel\u00e9se<br \/>\nSzem\u00e9lyre szabott \u00e9trend receptekkel<br \/>\nVitamin \u00e9s \u00e9trendkieg\u00e9sz\u00edt\u0151 aj\u00e1nl\u00e1s<br \/>\nFolyamatos kapcsolattart\u00e1s 4 h\u00e9ten \u00e1t!<\/p>\n","protected":false},"excerpt":{"rendered":"<p>4 Hetes csomag<br \/>\n1db 45 perces konzult\u00e1ci\u00f3 (szem\u00e9lyesen vagy Skype\/Viberen)<br \/>\nT\u00e1pl\u00e1lkoz\u00e1si napl\u00f3 ki\u00e9rt\u00e9kel\u00e9se<br \/>\nSzem\u00e9lyre szabott \u00e9trend receptekkel<br \/>\nVitamin \u00e9s \u00e9trendkieg\u00e9sz\u00edt\u0151 aj\u00e1nl\u00e1s<br \/>\nFolyamatos kapcsolattart\u00e1s 4 h\u00e9ten \u00e1t!<\/p>\n","protected":false},"featured_media":407,"comment_status":"open","ping_status":"closed","template":"","meta":[],"_links":{"self":[{"href":"https:\/\/www.ncsbrand.hu\/index.php\/wp-json\/wp\/v2\/product\/54"}],"collection":[{"href":"https:\/\/www.ncsbrand.hu\/index.php\/wp-json\/wp\/v2\/product"}],"about":[{"href":"https:\/\/www.ncsbrand.hu\/index.php\/wp-json\/wp\/v2\/types\/product"}],"replies":[{"embeddable":true,"href":"https:\/\/www.ncsbrand.hu\/index.php\/wp-json\/wp\/v2\/comments?post=54"}],"wp:featuredmedia":[{"embeddable":true,"href":"https:\/\/www.ncsbrand.hu\/index.php\/wp-json\/wp\/v2\/media\/407"}],"wp:attachment":[{"href":"https:\/\/www.ncsbrand.hu\/index.php\/wp-json\/wp\/v2\/media?parent=54"}],"curies":[{"name":"wp","href":"https:\/\/api.w.org\/{rel}","templated":true}]}}