{"id":641,"date":"2021-01-25T16:19:38","date_gmt":"2021-01-25T16:19:38","guid":{"rendered":"https:\/\/www.ncsbrand.hu\/?post_type=product&#038;p=641"},"modified":"2021-12-17T14:59:45","modified_gmt":"2021-12-17T14:59:45","slug":"diagnosztika-es-etrend-4-hetes","status":"publish","type":"product","link":"https:\/\/www.ncsbrand.hu\/index.php\/product\/diagnosztika-es-etrend-4-hetes\/","title":{"rendered":"Body Control \u00e9s \u00c9trend &#8211; 4 Hetes"},"content":{"rendered":"","protected":false},"excerpt":{"rendered":"<p>A 4 hetes csomag tartalma:<\/p>\n<p>\u2013 Pigler Gr\u00e9ti Quantum Feedback &amp; SCIO specialist, v\u00e9gzett Agytr\u00e9ner \u00e9s J\u00f3gaoktat\u00f3 \u00e1ltal v\u00e9gzett felm\u00e9r\u00e9s \u00e9s a probl\u00e9m\u00e1k\/egyens\u00falytalans\u00e1gok megold\u00e1s\u00e1nak \u00e1tbesz\u00e9l\u00e9se. Tan\u00e1csad\u00e1s.<br \/>\n1 x 1,5 \u00f3r\u00e1s konzult\u00e1ci\u00f3.<br \/>\n\u2013 K\u00e9sm\u00e1rki Enik\u0151 Sportt\u00e1pl\u00e1lkoz\u00e1si- \u00e9s t\u00e1pl\u00e1l\u00e9kkieg\u00e9sz\u00edt\u00e9si szak\u00e9rt\u0151 \u00e1ltal szem\u00e9lyre szabott \u00e9trend receptekkel.<br \/>\nKonzult\u00e1ci\u00f3 1 x 30 perc.<br \/>\n\u2013 Vitamin \u00e9s t\u00e1pl\u00e1l\u00e9kkieg\u00e9sz\u00edt\u0151 aj\u00e1nl\u00e1s<br \/>\n\u2013 Folyamatos kapcsolattart\u00e1s<\/p>\n","protected":false},"featured_media":645,"comment_status":"open","ping_status":"closed","template":"","meta":[],"_links":{"self":[{"href":"https:\/\/www.ncsbrand.hu\/index.php\/wp-json\/wp\/v2\/product\/641"}],"collection":[{"href":"https:\/\/www.ncsbrand.hu\/index.php\/wp-json\/wp\/v2\/product"}],"about":[{"href":"https:\/\/www.ncsbrand.hu\/index.php\/wp-json\/wp\/v2\/types\/product"}],"replies":[{"embeddable":true,"href":"https:\/\/www.ncsbrand.hu\/index.php\/wp-json\/wp\/v2\/comments?post=641"}],"wp:featuredmedia":[{"embeddable":true,"href":"https:\/\/www.ncsbrand.hu\/index.php\/wp-json\/wp\/v2\/media\/645"}],"wp:attachment":[{"href":"https:\/\/www.ncsbrand.hu\/index.php\/wp-json\/wp\/v2\/media?parent=641"}],"curies":[{"name":"wp","href":"https:\/\/api.w.org\/{rel}","templated":true}]}}